{"id":42,"date":"2015-05-10T15:40:58","date_gmt":"2015-05-10T15:40:58","guid":{"rendered":"http:\/\/therapiezentrum-karow.de\/?page_id=42"},"modified":"2021-07-13T11:17:00","modified_gmt":"2021-07-13T11:17:00","slug":"impressum","status":"publish","type":"page","link":"https:\/\/therapiezentrum-karow.de\/?page_id=42","title":{"rendered":"Impressum"},"content":{"rendered":"<table border=\"0\" width=\"816\" cellspacing=\"0\" cellpadding=\"0\">\n<tbody>\n<tr>\n<td align=\"left\" valign=\"top\" width=\"40\"><\/td>\n<td class=\"content\" align=\"left\" valign=\"top\" height=\"500\">\n<div id=\"gesellschaft-buergerlichen-rechts-40gbr41-muster-impressum\" class=\"mod_article block\">\n<div class=\"ce_text block\">\n<h1>Gesellschaft b\u00fcrgerlichen Rechts (GbR) Therapiezentrum Karow<\/h1>\n<p><em>Rechtlicher Hinweis: Die Inhalte unserer Internetseite werden mit gr\u00f6\u00dfter Sorgfalt recherchiert. Dennoch kann der Anbieter keine Haftung f\u00fcr die Richtigkeit, Vollst\u00e4ndigkeit und Aktualit\u00e4t der bereit gestellten Informationen \u00fcbernehmen. Die Informationen sind insbesondere auch allgemeiner Art und stellen keine Rechtsberatung im Einzelfall dar. Zur L\u00f6sung von konkreten Rechtsf\u00e4llen konsultieren Sie bitte unbedingt vorher\u00a0einen Rechtsanwalt. Die Benutzung erfolgt ausschlie\u00dflich auf eigenes Risiko.<\/em><\/p>\n<p><strong>Dipl. Mathias Becker &amp; Mario Becker GbR<br \/>\nBahnhofstr. 4<br \/>\n13125 Berlin<\/strong><\/p>\n<p>Gesellschafter: Mathias Becker und Mario Becker<\/p>\n<p>Telefon: 030\/94 32 159<\/p>\n<p>Mobil: +49 1590 \/ 64 17 297<\/p>\n<p>Fax: 030\/943 80 965<\/p>\n<p>E-Mail: <a href=\"mailto:info@musternamegbr.de\">thzkarow@arcor.de<\/a><\/p>\n<\/div>\n<\/div>\n<\/td>\n<\/tr>\n<\/tbody>\n<\/table>\n","protected":false},"excerpt":{"rendered":"<p>Gesellschaft b\u00fcrgerlichen Rechts (GbR) Therapiezentrum Karow Rechtlicher Hinweis: Die Inhalte unserer Internetseite werden mit gr\u00f6\u00dfter Sorgfalt recherchiert. Dennoch kann der Anbieter keine Haftung f\u00fcr die Richtigkeit, Vollst\u00e4ndigkeit und Aktualit\u00e4t der bereit gestellten Informationen \u00fcbernehmen. Die Informationen sind insbesondere auch allgemeiner Art und stellen keine Rechtsberatung im Einzelfall dar. Zur L\u00f6sung von konkreten Rechtsf\u00e4llen konsultieren Sie [&hellip;]<\/p>\n","protected":false},"author":1,"featured_media":0,"parent":0,"menu_order":0,"comment_status":"closed","ping_status":"closed","template":"","meta":{"footnotes":""},"class_list":["post-42","page","type-page","status-publish","hentry"],"_links":{"self":[{"href":"https:\/\/therapiezentrum-karow.de\/index.php?rest_route=\/wp\/v2\/pages\/42","targetHints":{"allow":["GET"]}}],"collection":[{"href":"https:\/\/therapiezentrum-karow.de\/index.php?rest_route=\/wp\/v2\/pages"}],"about":[{"href":"https:\/\/therapiezentrum-karow.de\/index.php?rest_route=\/wp\/v2\/types\/page"}],"author":[{"embeddable":true,"href":"https:\/\/therapiezentrum-karow.de\/index.php?rest_route=\/wp\/v2\/users\/1"}],"replies":[{"embeddable":true,"href":"https:\/\/therapiezentrum-karow.de\/index.php?rest_route=%2Fwp%2Fv2%2Fcomments&post=42"}],"version-history":[{"count":4,"href":"https:\/\/therapiezentrum-karow.de\/index.php?rest_route=\/wp\/v2\/pages\/42\/revisions"}],"predecessor-version":[{"id":67,"href":"https:\/\/therapiezentrum-karow.de\/index.php?rest_route=\/wp\/v2\/pages\/42\/revisions\/67"}],"wp:attachment":[{"href":"https:\/\/therapiezentrum-karow.de\/index.php?rest_route=%2Fwp%2Fv2%2Fmedia&parent=42"}],"curies":[{"name":"wp","href":"https:\/\/api.w.org\/{rel}","templated":true}]}}