{"id":33,"date":"2014-02-26T22:03:24","date_gmt":"2014-02-26T22:03:24","guid":{"rendered":"http:\/\/therapiezentrum-karow.de\/?page_id=33"},"modified":"2021-07-13T11:17:52","modified_gmt":"2021-07-13T11:17:52","slug":"kontakt","status":"publish","type":"page","link":"https:\/\/therapiezentrum-karow.de\/?page_id=33","title":{"rendered":"Kontakt"},"content":{"rendered":"<p>Bahnhofstra\u00dfe 4, 13125 Berlin (Karow)<\/p>\n<p>(direkt am S-Bahnhof Karow, gegen\u00fcber der Sparkasse, \u00fcber dem Kaffeehaus Karow)<\/p>\n<p>Montag &#8211; Donnerstag von 8.00Uhr &#8211; 21.30Uhr<\/p>\n<p>Freitag von 8.00Uhr &#8211; 20.00Uhr<\/p>\n<p>Tel.: 030\/ 943 21 59<\/p>\n<p>Mobil: +49 1590 \/ 64 17 297<\/p>\n<p>Fax.: 030\/ 943 80 965<\/p>\n","protected":false},"excerpt":{"rendered":"<p>Bahnhofstra\u00dfe 4, 13125 Berlin (Karow) (direkt am S-Bahnhof Karow, gegen\u00fcber der Sparkasse, \u00fcber dem Kaffeehaus Karow) Montag &#8211; Donnerstag von 8.00Uhr &#8211; 21.30Uhr Freitag von 8.00Uhr &#8211; 20.00Uhr Tel.: 030\/ 943 21 59 Mobil: +49 1590 \/ 64 17 297 Fax.: 030\/ 943 80 965<\/p>\n","protected":false},"author":2,"featured_media":0,"parent":0,"menu_order":0,"comment_status":"closed","ping_status":"closed","template":"","meta":{"footnotes":""},"class_list":["post-33","page","type-page","status-publish","hentry"],"_links":{"self":[{"href":"https:\/\/therapiezentrum-karow.de\/index.php?rest_route=\/wp\/v2\/pages\/33","targetHints":{"allow":["GET"]}}],"collection":[{"href":"https:\/\/therapiezentrum-karow.de\/index.php?rest_route=\/wp\/v2\/pages"}],"about":[{"href":"https:\/\/therapiezentrum-karow.de\/index.php?rest_route=\/wp\/v2\/types\/page"}],"author":[{"embeddable":true,"href":"https:\/\/therapiezentrum-karow.de\/index.php?rest_route=\/wp\/v2\/users\/2"}],"replies":[{"embeddable":true,"href":"https:\/\/therapiezentrum-karow.de\/index.php?rest_route=%2Fwp%2Fv2%2Fcomments&post=33"}],"version-history":[{"count":3,"href":"https:\/\/therapiezentrum-karow.de\/index.php?rest_route=\/wp\/v2\/pages\/33\/revisions"}],"predecessor-version":[{"id":68,"href":"https:\/\/therapiezentrum-karow.de\/index.php?rest_route=\/wp\/v2\/pages\/33\/revisions\/68"}],"wp:attachment":[{"href":"https:\/\/therapiezentrum-karow.de\/index.php?rest_route=%2Fwp%2Fv2%2Fmedia&parent=33"}],"curies":[{"name":"wp","href":"https:\/\/api.w.org\/{rel}","templated":true}]}}